{"id":139,"date":"2020-06-22T14:21:07","date_gmt":"2020-06-22T14:21:07","guid":{"rendered":"https:\/\/ras21.com\/?page_id=139"},"modified":"2020-10-20T08:35:37","modified_gmt":"2020-10-20T08:35:37","slug":"servicios","status":"publish","type":"page","link":"https:\/\/ras21.com\/es\/servicios\/","title":{"rendered":"Servicios"},"content":{"rendered":"<p>[vc_row full_width=&#8221;stretch_row&#8221; css=&#8221;.vc_custom_1592835814370{padding-top: 100px !important;padding-bottom: 70px !important;background-image: url(https:\/\/ras21.com\/wp-content\/uploads\/2020\/06\/servicios.jpg?id=141) !important;background-position: center !important;background-repeat: no-repeat !important;background-size: cover !important;}&#8221;][vc_column][vc_column_text]<\/p>\n<h2 style=\"text-align: center;\"><span style=\"color: #ffffff;\"><strong>T\u00e9cnicas y servicios auxiliares<\/strong><\/span><br \/>\n<span style=\"color: #ffffff;\"><strong>de la construcci\u00f3n<\/strong><\/span><\/h2>\n<p>[\/vc_column_text][\/vc_column][\/vc_row][vc_row full_width=&#8221;stretch_row&#8221; content_placement=&#8221;middle&#8221; css=&#8221;.vc_custom_1592836058286{background-color: #f4f4f4 !important;}&#8221;][vc_column width=&#8221;1\/2&#8243;][vc_column_text]<strong>NUESTROS SERVICIOS<\/strong><\/p>\n<h5>Estamos seguros que podemos ser sus expertos colaboradores<\/h5>\n<p>[\/vc_column_text][vc_separator color=&#8221;custom&#8221; align=&#8221;align_left&#8221; border_width=&#8221;2&#8243; el_width=&#8221;20&#8243; style=&#8221;solid&#8221; accent_color=&#8221;#026240&#8243;][vc_column_text]Los servicios que ofrecemos est\u00e1n <span style=\"color: #026240;\"><strong>basados en la experiencia y conocimientos t\u00e9cnicos<\/strong> <\/span>adquiridos a lo largo de las diversas actuaciones realizadas en la construcci\u00f3n durante la trayectoria profesional de las personas integrantes hoy en d\u00eda en nuestra empresa tanto en el \u00e1mbito de la <strong><span style=\"color: #026240;\">construcci\u00f3n<\/span><\/strong> como en el de la <span style=\"color: #026240;\"><strong>rehabilitaci\u00f3n<\/strong><\/span>.[\/vc_column_text][\/vc_column][vc_column width=&#8221;1\/2&#8243;][vc_single_image image=&#8221;151&#8243; img_size=&#8221;full&#8221;][\/vc_column][\/vc_row][vc_row content_placement=&#8221;middle&#8221;][vc_column][vc_column_text]<\/p>\n<p style=\"text-align: center;\"><strong>SERVICIOS DISPONIBLES<\/strong><\/p>\n<h5 style=\"text-align: center;\">Aplicaci\u00f3n con t\u00e9cnicas adaptadas a las normas de la CE<\/h5>\n<p>[\/vc_column_text][vc_separator color=&#8221;custom&#8221; border_width=&#8221;2&#8243; el_width=&#8221;20&#8243; style=&#8221;solid&#8221; accent_color=&#8221;#026240&#8243;][vc_row_inner css=&#8221;.vc_custom_1592904020908{padding-top: 20px !important;}&#8221;][vc_column_inner width=&#8221;1\/3&#8243;][vc_single_image image=&#8221;155&#8243; img_size=&#8221;full&#8221; alignment=&#8221;center&#8221;][vc_column_text]<\/p>\n<p style=\"text-align: center;\"><strong>REHABILITACI\u00d3N EN FACHADAS Y EDIFICIOS<\/strong><\/p>\n<p style=\"text-align: center;\">Limpieza de <span style=\"color: #026240;\"><strong>fachadas<\/strong><\/span>, reparaci\u00f3n, reconstrucci\u00f3n a origen de ornamentaciones, tratamientos hidrofugandes, anti-grafitis, etc.<br \/>\n<span style=\"color: #026240;\"><strong>Restauraci\u00f3n<\/strong><\/span> de interiores.<\/p>\n<p>[\/vc_column_text]<div class=\"porto-btn-ctn-center \"><a class=\"porto-btn porto-adjust-bottom-margin porto-btn-normal porto-btn-no-hover-bg  porto-btn-center \" title='REHABILITACI\u00d3N EN FACHADAS Y EDIFICIOS' rel='' href = \"https:\/\/ras21.com\/index.php\/rehabilitacion-en-fachadas-y-edificios\/\"  data-hover=\"\" data-border-color=\"#026240\" data-bg=\"\" data-hover-bg=\"#333333\" data-border-hover=\"#333333\" data-shadow-click=\"none\" data-shadow=\"\" style=\"border-width:2px;border-color:#026240;border-style:solid;\"><span class=\"porto-btn-hover\" style=\"background-color:#333333\"><\/span><span class=\"porto-btn-data porto-btn-text \" >M\u00c1S INFO<\/span><\/a><\/div>[\/vc_column_inner][vc_column_inner width=&#8221;1\/3&#8243;][vc_single_image image=&#8221;727&#8243; img_size=&#8221;full&#8221; alignment=&#8221;center&#8221; label=&#8221;&#8221;][vc_column_text]<\/p>\n<p style=\"text-align: center;\"><strong>PATOLOG\u00cdAS DEL HORMIG\u00d3N Y REFUERZOS<\/strong><br \/>\n<strong>ESTRUCTURALES<\/strong><\/p>\n<p style=\"text-align: center;\"><span style=\"color: #026240;\"><strong>Reparaci\u00f3n hormig\u00f3n<\/strong><\/span> tanto armado como pre o postensado. <span style=\"color: #026240;\"><strong>Patolog\u00edas superficiales e internas<\/strong> <\/span>y tratamientos anti-carbonataci\u00f3n.<\/p>\n<p>[\/vc_column_text]<div class=\"porto-btn-ctn-center \"><a class=\"porto-btn porto-adjust-bottom-margin porto-btn-normal porto-btn-no-hover-bg  porto-btn-center \" title='Patalog\u00edas del hormig\u00f3n y refuerzos estructurales' rel='' href = \"https:\/\/ras21.com\/index.php\/patalogias-del-hormigon-y-refuerzos-estructurales\/\"  data-hover=\"\" data-border-color=\"#026240\" data-bg=\"\" data-hover-bg=\"#333333\" data-border-hover=\"#333333\" data-shadow-click=\"none\" data-shadow=\"\" style=\"border-width:2px;border-color:#026240;border-style:solid;\"><span class=\"porto-btn-hover\" style=\"background-color:#333333\"><\/span><span class=\"porto-btn-data porto-btn-text \" >M\u00c1S INFO<\/span><\/a><\/div>[\/vc_column_inner][vc_column_inner width=&#8221;1\/3&#8243;][vc_single_image image=&#8221;170&#8243; img_size=&#8221;full&#8221; alignment=&#8221;center&#8221;][vc_column_text]<\/p>\n<p style=\"text-align: center;\"><strong>PINTURA INDUSTRIAL Y DECORATIVA<\/strong><\/p>\n<p style=\"text-align: center;\"><span style=\"color: #026240;\"><strong>Pintura Industrial<\/strong><\/span>: chorro de arena, tratamientos anti-corrosivos, intumescente, etc. <strong><span style=\"color: #026240;\">Pintura Decorativa<\/span><\/strong>: restauraci\u00f3n de interiores, escaleras, oficinas, revestimientos, policromados, lacados, estucados, etc.<\/p>\n<p>[\/vc_column_text]<div class=\"porto-btn-ctn-center \"><a class=\"porto-btn porto-adjust-bottom-margin porto-btn-normal porto-btn-no-hover-bg  porto-btn-center \" title='Pintura industrial y decorativa' rel='' href = \"https:\/\/ras21.com\/index.php\/pintura-industrial-y-decorativa\/\"  data-hover=\"\" data-border-color=\"#026240\" data-bg=\"\" data-hover-bg=\"#333333\" data-border-hover=\"#333333\" data-shadow-click=\"none\" data-shadow=\"\" style=\"border-width:2px;border-color:#026240;border-style:solid;\"><span class=\"porto-btn-hover\" style=\"background-color:#333333\"><\/span><span class=\"porto-btn-data porto-btn-text \" >M\u00c1S INFO<\/span><\/a><\/div>[\/vc_column_inner][\/vc_row_inner][vc_row_inner][vc_column_inner width=&#8221;1\/3&#8243;][vc_single_image image=&#8221;726&#8243; img_size=&#8221;full&#8221; alignment=&#8221;center&#8221; label=&#8221;&#8221;][vc_column_text]<\/p>\n<p style=\"text-align: center;\"><strong>TRATAMIENTOS ESPECIALES EN PAVIMENTO<\/strong><\/p>\n<p style=\"text-align: center;\"><span style=\"color: #026240;\"><strong>Tratamientos<\/strong><\/span> anti-deslizantes, decorativos, anti-est\u00e1ticos, etc.<\/p>\n<p>[\/vc_column_text]<div class=\"porto-btn-ctn-center \"><a class=\"porto-btn porto-adjust-bottom-margin porto-btn-normal porto-btn-no-hover-bg  porto-btn-center \" title='Tratamientos especiales en pavimentos' rel='' href = \"https:\/\/ras21.com\/index.php\/tratamientos-especiales-en-pavimentos\/\"  data-hover=\"\" data-border-color=\"#026240\" data-bg=\"\" data-hover-bg=\"#333333\" data-border-hover=\"#333333\" data-shadow-click=\"none\" data-shadow=\"\" style=\"border-width:2px;border-color:#026240;border-style:solid;\"><span class=\"porto-btn-hover\" style=\"background-color:#333333\"><\/span><span class=\"porto-btn-data porto-btn-text \" >M\u00c1S INFO<\/span><\/a><\/div>[\/vc_column_inner][vc_column_inner width=&#8221;1\/3&#8243;][vc_single_image image=&#8221;725&#8243; img_size=&#8221;full&#8221; alignment=&#8221;center&#8221; label=&#8221;&#8221;][vc_column_text]<\/p>\n<p style=\"text-align: center;\"><strong>IMPERMEABILIZACIONES Y JUNTAS<\/strong><\/p>\n<p style=\"text-align: center;\"><span style=\"color: #026240;\"><strong>Membranas l\u00edquidas<\/strong><\/span>: de poliureas en caliente, poliuretanos, base caucho, etc. <span style=\"color: #026240;\"><strong>Membranas homog\u00e9neas<\/strong><\/span>: PVC, butilo, EPDM, asf\u00e1lticos, etc. <strong><span style=\"color: #026240;\">Sellado de juntas<\/span><\/strong>: horizontales y verticales, corte.<\/p>\n<p>[\/vc_column_text]<div class=\"porto-btn-ctn-center \"><a class=\"porto-btn porto-adjust-bottom-margin porto-btn-normal porto-btn-no-hover-bg  porto-btn-center \" title='Impermeabilizaciones y juntas' rel='' href = \"https:\/\/ras21.com\/index.php\/impermeabilizaciones-y-juntas\/\"  data-hover=\"\" data-border-color=\"#026240\" data-bg=\"\" data-hover-bg=\"#333333\" data-border-hover=\"#333333\" data-shadow-click=\"none\" data-shadow=\"\" style=\"border-width:2px;border-color:#026240;border-style:solid;\"><span class=\"porto-btn-hover\" style=\"background-color:#333333\"><\/span><span class=\"porto-btn-data porto-btn-text \" >M\u00c1S INFO<\/span><\/a><\/div>[\/vc_column_inner][vc_column_inner width=&#8221;1\/3&#8243;][vc_single_image image=&#8221;198&#8243; img_size=&#8221;full&#8221; alignment=&#8221;center&#8221;][vc_column_text]<\/p>\n<p style=\"text-align: center;\"><strong>CONT\u00c1CTANOS<\/strong><\/p>\n<p style=\"text-align: center;\"><span style=\"color: #026240;\"><strong>Cualquier duda<\/strong><\/span> que le pueda surgir sobre nuestros servicios no dude en contactar con nosotros.<\/p>\n<p>[\/vc_column_text]<div class=\"porto-btn-ctn-center \"><a class=\"porto-btn porto-adjust-bottom-margin porto-btn-normal porto-btn-no-hover-bg  porto-btn-center \" title='Contacto' rel='' href = \"https:\/\/ras21.com\/index.php\/contacto\/\"  data-hover=\"\" data-border-color=\"#026240\" data-bg=\"\" data-hover-bg=\"#333333\" data-border-hover=\"#333333\" data-shadow-click=\"none\" data-shadow=\"\" style=\"border-width:2px;border-color:#026240;border-style:solid;\"><span class=\"porto-btn-hover\" style=\"background-color:#333333\"><\/span><span class=\"porto-btn-data porto-btn-text \" >CONTACTO<\/span><\/a><\/div>[\/vc_column_inner][\/vc_row_inner][\/vc_column][\/vc_row][vc_row full_width=&#8221;stretch_row&#8221; css=&#8221;.vc_custom_1592903798730{padding-top: 30px !important;padding-bottom: 30px !important;background-color: #f4f4f4 !important;}&#8221;][vc_column][vc_column_text]<\/p>\n<p style=\"text-align: center;\"><strong>DISPONEMOS DE SERVICIO DE EQUIPOS M\u00d3VILES<\/strong><\/p>\n<h5 style=\"text-align: center;\">Para la realizaci\u00f3n de trabajos \u201cin situ\u201d<\/h5>\n<p>[\/vc_column_text][vc_separator color=&#8221;custom&#8221; border_width=&#8221;2&#8243; el_width=&#8221;10&#8243; style=&#8221;solid&#8221; accent_color=&#8221;#026240&#8243;][vc_column_text]<\/p>\n<p style=\"text-align: center;\">Remolques, grupos electr\u00f3genos, cubas, plataformas elevadoras, etc\u2026<\/p>\n<p>[\/vc_column_text][\/vc_column][\/vc_row][vc_row content_placement=&#8221;middle&#8221;][vc_column width=&#8221;1\/2&#8243;][vc_column_text]<strong>AS\u00cd TRABAJAMOS EN RAS 21, S.L<\/strong>[\/vc_column_text][vc_separator color=&#8221;custom&#8221; align=&#8221;align_left&#8221; border_width=&#8221;2&#8243; el_width=&#8221;20&#8243; style=&#8221;solid&#8221; accent_color=&#8221;#026240&#8243;][vc_column_text]Estamos seguros de que podemos ser sus expertos colaboradores, en aquellas actividades en que tradicionalmente su empresa se apoya en especialistas para trabajos concretos y actuaciones que requieren la ayuda y experiencia externa y que permitan integrarse con su propio equipo con la plena garant\u00eda en el objetivo final el de la calidad y seriedad.[\/vc_column_text][\/vc_column][vc_column width=&#8221;1\/2&#8243;][vc_video link=&#8221;https:\/\/www.youtube.com\/watch?v=gcd6qMV81ok&#8221;][vc_video link=&#8221;https:\/\/www.youtube.com\/watch?v=-7S5BchRP60&#8243;][\/vc_column][\/vc_row]<\/p>\n","protected":false},"excerpt":{"rendered":"<p>[vc_row full_width=&#8221;stretch_row&#8221; css=&#8221;.vc_custom_1592835814370{padding-top: 100px !important;padding-bottom: 70px !important;background-image: url(https:\/\/ras21.com\/wp-content\/uploads\/2020\/06\/servicios.jpg?id=141) !important;background-position: center !important;background-repeat: no-repeat !important;background-size: cover !important;}&#8221;][vc_column][vc_column_text] T\u00e9cnicas y servicios auxiliares de la construcci\u00f3n [\/vc_column_text][\/vc_column][\/vc_row][vc_row full_width=&#8221;stretch_row&#8221; content_placement=&#8221;middle&#8221; css=&#8221;.vc_custom_1592836058286{background-color: #f4f4f4 !important;}&#8221;][vc_column width=&#8221;1\/2&#8243;][vc_column_text]NUESTROS SERVICIOS Estamos seguros que podemos ser sus expertos colaboradores [\/vc_column_text][vc_separator color=&#8221;custom&#8221; align=&#8221;align_left&#8221; border_width=&#8221;2&#8243; el_width=&#8221;20&#8243; style=&#8221;solid&#8221; accent_color=&#8221;#026240&#8243;][vc_column_text]Los servicios que ofrecemos est\u00e1n basados en la experiencia y conocimientos [&hellip;]<\/p>\n","protected":false},"author":1,"featured_media":0,"parent":0,"menu_order":0,"comment_status":"closed","ping_status":"closed","template":"","meta":[],"_links":{"self":[{"href":"https:\/\/ras21.com\/es\/wp-json\/wp\/v2\/pages\/139\/"}],"collection":[{"href":"https:\/\/ras21.com\/es\/wp-json\/wp\/v2\/pages\/"}],"about":[{"href":"https:\/\/ras21.com\/es\/wp-json\/wp\/v2\/types\/page\/"}],"author":[{"embeddable":true,"href":"https:\/\/ras21.com\/es\/wp-json\/wp\/v2\/users\/1\/"}],"replies":[{"embeddable":true,"href":"https:\/\/ras21.com\/es\/wp-json\/wp\/v2\/comments\/?post=139"}],"version-history":[{"count":66,"href":"https:\/\/ras21.com\/es\/wp-json\/wp\/v2\/pages\/139\/revisions\/"}],"predecessor-version":[{"id":728,"href":"https:\/\/ras21.com\/es\/wp-json\/wp\/v2\/pages\/139\/revisions\/728\/"}],"wp:attachment":[{"href":"https:\/\/ras21.com\/es\/wp-json\/wp\/v2\/media\/?parent=139"}],"curies":[{"name":"wp","href":"https:\/\/api.w.org\/{rel}","templated":true}]}}