{"id":209,"date":"2020-06-23T09:40:03","date_gmt":"2020-06-23T09:40:03","guid":{"rendered":"https:\/\/ras21.com\/?page_id=209"},"modified":"2020-10-20T13:43:35","modified_gmt":"2020-10-20T13:43:35","slug":"rehabilitacion-en-fachadas-y-edificios","status":"publish","type":"page","link":"https:\/\/ras21.com\/es\/rehabilitacion-en-fachadas-y-edificios\/","title":{"rendered":"Rehabilitaci\u00f3n en fachadas y edificios"},"content":{"rendered":"<p>[vc_row full_width=&#8221;stretch_row&#8221; css=&#8221;.vc_custom_1592907497878{padding-top: 100px !important;padding-bottom: 70px !important;background-image: url(https:\/\/ras21.com\/wp-content\/uploads\/2020\/06\/rehabilitacion_pagina.jpg?id=210) !important;background-position: center !important;background-repeat: no-repeat !important;background-size: cover !important;}&#8221;][vc_column][vc_column_text]<\/p>\n<h2 style=\"text-align: center;\"><span style=\"color: #ffffff;\"><strong>Rehabilitaci\u00f3n en fachadas y edificios<\/strong><\/span><\/h2>\n<p>[\/vc_column_text][\/vc_column][\/vc_row][vc_row content_placement=&#8221;middle&#8221;][vc_column width=&#8221;1\/2&#8243;][vc_column_text]<\/p>\n<ul>\n<li>Reforma y remodelaci\u00f3n completa de edificios, naves y equipamientos.<\/li>\n<li>Desmontes y escombros.<\/li>\n<li>Trabajos de dif\u00edcil acceso y en espacios confinados.<\/li>\n<li>Mantenimiento de obra civil en industria.<\/li>\n<li>Reparaci\u00f3n de hormig\u00f3n estructural con resinas y morteros especiales.<\/li>\n<li>Patolog\u00edas superficiales e internas.<\/li>\n<li>Refuerzo y consolidaci\u00f3n de estructuras con perfiles met\u00e1licos y fibra de carbono.<\/li>\n<li>Limpieza, tratamiento y revestimiento de superficies y paramentos.<\/li>\n<li>Restauraci\u00f3n ornamental.<\/li>\n<li>Estructura met\u00e1lica.<\/li>\n<\/ul>\n<p>[\/vc_column_text][\/vc_column][vc_column width=&#8221;1\/2&#8243;][vc_single_image image=&#8221;263&#8243; img_size=&#8221;full&#8221;][\/vc_column][\/vc_row][vc_row full_width=&#8221;stretch_row&#8221; css=&#8221;.vc_custom_1592835185523{padding-top: 30px !important;padding-bottom: 30px !important;background-color: #f4f4f4 !important;}&#8221;][vc_column]<div id=\"porto-carousel-89751119769f46fefdd859\" class=\"porto-carousel-wrapper  vc_custom_1593071250862 \" data-gutter=\"15\" data-rtl=\"false\" ><div class=\"porto-ultimate-carousel porto-carousel-68581719369f46fefdd767 \" >[vc_single_image image=&#8221;217&#8243; img_size=&#8221;full&#8221;][vc_single_image image=&#8221;218&#8243; img_size=&#8221;full&#8221;][vc_single_image image=&#8221;221&#8243; img_size=&#8221;full&#8221;][vc_single_image image=&#8221;222&#8243; img_size=&#8221;full&#8221;][vc_single_image image=&#8221;223&#8243; img_size=&#8221;full&#8221;][vc_single_image image=&#8221;224&#8243; img_size=&#8221;full&#8221;][vc_single_image image=&#8221;225&#8243; img_size=&#8221;full&#8221;][vc_single_image image=&#8221;226&#8243; img_size=&#8221;full&#8221;][vc_single_image image=&#8221;227&#8243; img_size=&#8221;full&#8221;][vc_single_image image=&#8221;228&#8243; img_size=&#8221;full&#8221;][vc_single_image image=&#8221;229&#8243; img_size=&#8221;full&#8221;][vc_single_image image=&#8221;230&#8243; img_size=&#8221;full&#8221;][vc_single_image image=&#8221;231&#8243; img_size=&#8221;full&#8221;][vc_single_image image=&#8221;232&#8243; img_size=&#8221;full&#8221;][vc_single_image image=&#8221;234&#8243; img_size=&#8221;full&#8221;][vc_single_image image=&#8221;235&#8243; img_size=&#8221;full&#8221;][vc_single_image image=&#8221;236&#8243; img_size=&#8221;full&#8221;][vc_single_image image=&#8221;237&#8243; img_size=&#8221;full&#8221;][vc_single_image image=&#8221;238&#8243; img_size=&#8221;full&#8221;][vc_single_image image=&#8221;239&#8243; img_size=&#8221;full&#8221;][vc_single_image image=&#8221;240&#8243; img_size=&#8221;full&#8221;][vc_single_image image=&#8221;241&#8243; img_size=&#8221;full&#8221;][vc_single_image image=&#8221;242&#8243; img_size=&#8221;full&#8221;][vc_single_image image=&#8221;243&#8243; img_size=&#8221;full&#8221;][vc_single_image image=&#8221;244&#8243; img_size=&#8221;full&#8221;][vc_single_image image=&#8221;245&#8243; img_size=&#8221;full&#8221;][vc_single_image image=&#8221;246&#8243; img_size=&#8221;full&#8221;]<\/div><\/div><script>\n\tjQuery(document).ready(function ($) {\n\t\tif ($.fn.slick) {\n\t\t\t$('.porto-carousel-68581719369f46fefdd767').slick({dots: false,autoplay: true,autoplaySpeed: 4000,speed: 300,infinite: true,arrows: false,slidesToScroll:4,slidesToShow:4,swipe: true,draggable: true,touchMove: true,pauseOnHover: true,responsive: [\n\t\t\t\t{\n\t\t\t\t  breakpoint: 1025,\n\t\t\t\t  settings: {\n\t\t\t\t\tslidesToShow: 4,\n\t\t\t\t\tslidesToScroll: 4,  \n\t\t\t\t  }\n\t\t\t\t},\n\t\t\t\t{\n\t\t\t\t  breakpoint: 769,\n\t\t\t\t  settings: {\n\t\t\t\t\tslidesToShow: 3,\n\t\t\t\t\tslidesToScroll: 3\n\t\t\t\t  }\n\t\t\t\t},\n\t\t\t\t{\n\t\t\t\t  breakpoint: 481,\n\t\t\t\t  settings: {\n\t\t\t\t\tslidesToShow: 2,\n\t\t\t\t\tslidesToScroll: 2\n\t\t\t\t  }\n\t\t\t\t}\n\t\t\t],pauseOnDotsHover: true,customPaging: function(slider, i) {\n\t   return '<i type=\"button\" style=\"color:#333333;\" class=\"far fa-circle\" data-role=\"none\"><\/i>';\n\t},});\n\t\t} else {\n\t\t\tvar c = document.createElement(\"script\");\n\t\t\tc.src = \"\";\n\t\t\tif (!$('script[src=\"' + c.src + '\"]').length) {\n\t\t\t\tdocument.getElementsByTagName(\"body\")[0].appendChild(c);\n\t\t\t}\n\t\t\tc = document.createElement(\"script\");\n\t\t\tc.src = \"\";\n\t\t\tif (!$('script[src=\"' + c.src + '\"]').length) {\n\t\t\t\tdocument.getElementsByTagName(\"body\")[0].appendChild(c);\n\t\t\t}\n\t\t\tsetTimeout(function() {\n\t\t\t\tif ($.fn.slick) { $('.porto-carousel-68581719369f46fefdd767').slick({dots: false,autoplay: true,autoplaySpeed: 4000,speed: 300,infinite: true,arrows: false,slidesToScroll:4,slidesToShow:4,swipe: true,draggable: true,touchMove: true,pauseOnHover: true,responsive: [\n\t\t\t\t{\n\t\t\t\t  breakpoint: 1025,\n\t\t\t\t  settings: {\n\t\t\t\t\tslidesToShow: 4,\n\t\t\t\t\tslidesToScroll: 4,  \n\t\t\t\t  }\n\t\t\t\t},\n\t\t\t\t{\n\t\t\t\t  breakpoint: 769,\n\t\t\t\t  settings: {\n\t\t\t\t\tslidesToShow: 3,\n\t\t\t\t\tslidesToScroll: 3\n\t\t\t\t  }\n\t\t\t\t},\n\t\t\t\t{\n\t\t\t\t  breakpoint: 481,\n\t\t\t\t  settings: {\n\t\t\t\t\tslidesToShow: 2,\n\t\t\t\t\tslidesToScroll: 2\n\t\t\t\t  }\n\t\t\t\t}\n\t\t\t],pauseOnDotsHover: true,customPaging: function(slider, i) {\n\t   return '<i type=\"button\" style=\"color:#333333;\" class=\"far fa-circle\" data-role=\"none\"><\/i>';\n\t},}); }\n\t\t\t}, 300);\n\t\t}\n\t});\n<\/script>\n[\/vc_column][\/vc_row][vc_row][vc_column][vc_column_text]<strong>Palacio Victoria Eugenia<\/strong>[\/vc_column_text][\/vc_column][\/vc_row][vc_row full_width=&#8221;stretch_row&#8221;][vc_column]<div id=\"porto-carousel-142324705069f46fefddde1\" class=\"porto-carousel-wrapper  vc_custom_1592918698079 \" data-gutter=\"15\" data-rtl=\"false\" ><div class=\"porto-ultimate-carousel porto-carousel-17377053269f46fefddda7 \" >[vc_single_image image=&#8221;256&#8243; img_size=&#8221;full&#8221;][vc_single_image image=&#8221;257&#8243; img_size=&#8221;full&#8221;][vc_single_image image=&#8221;258&#8243; img_size=&#8221;full&#8221;]<\/div><\/div><script>\n\tjQuery(document).ready(function ($) {\n\t\tif ($.fn.slick) {\n\t\t\t$('.porto-carousel-17377053269f46fefddda7').slick({dots: false,autoplay: true,autoplaySpeed: 4000,speed: 300,infinite: true,arrows: false,slidesToScroll:4,slidesToShow:4,swipe: true,draggable: true,touchMove: true,pauseOnHover: true,responsive: [\n\t\t\t\t{\n\t\t\t\t  breakpoint: 1025,\n\t\t\t\t  settings: {\n\t\t\t\t\tslidesToShow: 4,\n\t\t\t\t\tslidesToScroll: 4,  \n\t\t\t\t  }\n\t\t\t\t},\n\t\t\t\t{\n\t\t\t\t  breakpoint: 769,\n\t\t\t\t  settings: {\n\t\t\t\t\tslidesToShow: 3,\n\t\t\t\t\tslidesToScroll: 3\n\t\t\t\t  }\n\t\t\t\t},\n\t\t\t\t{\n\t\t\t\t  breakpoint: 481,\n\t\t\t\t  settings: {\n\t\t\t\t\tslidesToShow: 2,\n\t\t\t\t\tslidesToScroll: 2\n\t\t\t\t  }\n\t\t\t\t}\n\t\t\t],pauseOnDotsHover: true,customPaging: function(slider, i) {\n\t   return '<i type=\"button\" style=\"color:#333333;\" class=\"far fa-circle\" data-role=\"none\"><\/i>';\n\t},});\n\t\t} else {\n\t\t\tvar c = document.createElement(\"script\");\n\t\t\tc.src = \"\";\n\t\t\tif (!$('script[src=\"' + c.src + '\"]').length) {\n\t\t\t\tdocument.getElementsByTagName(\"body\")[0].appendChild(c);\n\t\t\t}\n\t\t\tc = document.createElement(\"script\");\n\t\t\tc.src = \"\";\n\t\t\tif (!$('script[src=\"' + c.src + '\"]').length) {\n\t\t\t\tdocument.getElementsByTagName(\"body\")[0].appendChild(c);\n\t\t\t}\n\t\t\tsetTimeout(function() {\n\t\t\t\tif ($.fn.slick) { $('.porto-carousel-17377053269f46fefddda7').slick({dots: false,autoplay: true,autoplaySpeed: 4000,speed: 300,infinite: true,arrows: false,slidesToScroll:4,slidesToShow:4,swipe: true,draggable: true,touchMove: true,pauseOnHover: true,responsive: [\n\t\t\t\t{\n\t\t\t\t  breakpoint: 1025,\n\t\t\t\t  settings: {\n\t\t\t\t\tslidesToShow: 4,\n\t\t\t\t\tslidesToScroll: 4,  \n\t\t\t\t  }\n\t\t\t\t},\n\t\t\t\t{\n\t\t\t\t  breakpoint: 769,\n\t\t\t\t  settings: {\n\t\t\t\t\tslidesToShow: 3,\n\t\t\t\t\tslidesToScroll: 3\n\t\t\t\t  }\n\t\t\t\t},\n\t\t\t\t{\n\t\t\t\t  breakpoint: 481,\n\t\t\t\t  settings: {\n\t\t\t\t\tslidesToShow: 2,\n\t\t\t\t\tslidesToScroll: 2\n\t\t\t\t  }\n\t\t\t\t}\n\t\t\t],pauseOnDotsHover: true,customPaging: function(slider, i) {\n\t   return '<i type=\"button\" style=\"color:#333333;\" class=\"far fa-circle\" data-role=\"none\"><\/i>';\n\t},}); }\n\t\t\t}, 300);\n\t\t}\n\t});\n<\/script>\n[\/vc_column][\/vc_row]<\/p>\n","protected":false},"excerpt":{"rendered":"<p>[vc_row full_width=&#8221;stretch_row&#8221; css=&#8221;.vc_custom_1592907497878{padding-top: 100px !important;padding-bottom: 70px !important;background-image: url(https:\/\/ras21.com\/wp-content\/uploads\/2020\/06\/rehabilitacion_pagina.jpg?id=210) !important;background-position: center !important;background-repeat: no-repeat !important;background-size: cover !important;}&#8221;][vc_column][vc_column_text] Rehabilitaci\u00f3n en fachadas y edificios [\/vc_column_text][\/vc_column][\/vc_row][vc_row content_placement=&#8221;middle&#8221;][vc_column width=&#8221;1\/2&#8243;][vc_column_text] Reforma y remodelaci\u00f3n completa de edificios, naves y equipamientos. Desmontes y escombros. Trabajos de dif\u00edcil acceso y en espacios confinados. Mantenimiento de obra civil en industria. Reparaci\u00f3n de hormig\u00f3n estructural con resinas [&hellip;]<\/p>\n","protected":false},"author":1,"featured_media":0,"parent":0,"menu_order":0,"comment_status":"closed","ping_status":"closed","template":"","meta":[],"_links":{"self":[{"href":"https:\/\/ras21.com\/es\/wp-json\/wp\/v2\/pages\/209\/"}],"collection":[{"href":"https:\/\/ras21.com\/es\/wp-json\/wp\/v2\/pages\/"}],"about":[{"href":"https:\/\/ras21.com\/es\/wp-json\/wp\/v2\/types\/page\/"}],"author":[{"embeddable":true,"href":"https:\/\/ras21.com\/es\/wp-json\/wp\/v2\/users\/1\/"}],"replies":[{"embeddable":true,"href":"https:\/\/ras21.com\/es\/wp-json\/wp\/v2\/comments\/?post=209"}],"version-history":[{"count":24,"href":"https:\/\/ras21.com\/es\/wp-json\/wp\/v2\/pages\/209\/revisions\/"}],"predecessor-version":[{"id":1030,"href":"https:\/\/ras21.com\/es\/wp-json\/wp\/v2\/pages\/209\/revisions\/1030\/"}],"wp:attachment":[{"href":"https:\/\/ras21.com\/es\/wp-json\/wp\/v2\/media\/?parent=209"}],"curies":[{"name":"wp","href":"https:\/\/api.w.org\/{rel}","templated":true}]}}