{"id":268,"date":"2020-06-23T10:41:15","date_gmt":"2020-06-23T10:41:15","guid":{"rendered":"https:\/\/ras21.com\/?page_id=268"},"modified":"2020-10-20T15:10:42","modified_gmt":"2020-10-20T15:10:42","slug":"patologias-del-hormigon-y-refuerzos-estructurales","status":"publish","type":"page","link":"https:\/\/ras21.com\/es\/patologias-del-hormigon-y-refuerzos-estructurales\/","title":{"rendered":"Patolog\u00edas del hormig\u00f3n y refuerzos estructurales"},"content":{"rendered":"<p>[vc_row full_width=&#8221;stretch_row&#8221; css=&#8221;.vc_custom_1592907793823{padding-top: 100px !important;padding-bottom: 70px !important;background-image: url(https:\/\/ras21.com\/wp-content\/uploads\/2020\/06\/patalogias.jpg?id=269) !important;background-position: center !important;background-repeat: no-repeat !important;background-size: cover !important;}&#8221;][vc_column][vc_column_text]<\/p>\n<h2 style=\"text-align: center;\"><span style=\"color: #ffffff;\"><strong>Patolog\u00edas del hormig\u00f3n y refuerzos estructurales<\/strong><\/span><\/h2>\n<p>[\/vc_column_text][\/vc_column][\/vc_row][vc_row content_placement=&#8221;middle&#8221;][vc_column width=&#8221;1\/2&#8243;][vc_column_text]<\/p>\n<ul>\n<li>Reforma y remodelaci\u00f3n completa de edificios, naves y equipamientos.<\/li>\n<li>Desmontes y escombros.<\/li>\n<li>Trabajos de dif\u00edcil acceso y en espacios confinados.<\/li>\n<li>Mantenimiento de obra civil en industria.<\/li>\n<li>Reparaci\u00f3n de hormig\u00f3n estructural con resinas y morteros especiales.<\/li>\n<li>Patolog\u00edas superficiales e internas.<\/li>\n<li>Refuerzo y consolidaci\u00f3n de estructuras con perfiles met\u00e1licos y fibra de carbono.<\/li>\n<li>Limpieza, tratamiento y revestimiento de superficies y paramentos.<\/li>\n<li>Restauraci\u00f3n ornamental.<\/li>\n<li>Estructura met\u00e1lica.<\/li>\n<\/ul>\n<p>[\/vc_column_text][\/vc_column][vc_column width=&#8221;1\/2&#8243;][vc_single_image image=&#8221;270&#8243; img_size=&#8221;full&#8221;][\/vc_column][\/vc_row][vc_row full_width=&#8221;stretch_row&#8221; css=&#8221;.vc_custom_1592908974611{padding-top: 30px !important;padding-bottom: 30px !important;background-color: #f4f4f4 !important;}&#8221;][vc_column]<div id=\"porto-carousel-206329222769f8ac8d91ef3\" class=\"porto-carousel-wrapper  vc_custom_1589012000268 \" data-gutter=\"15\" data-rtl=\"false\" ><div class=\"porto-ultimate-carousel porto-carousel-153211220769f8ac8d91e6e \" >[vc_single_image image=&#8221;275&#8243; img_size=&#8221;full&#8221;][vc_single_image image=&#8221;276&#8243; img_size=&#8221;full&#8221;][vc_single_image image=&#8221;277&#8243; img_size=&#8221;full&#8221;][vc_single_image image=&#8221;278&#8243; img_size=&#8221;full&#8221;][vc_single_image image=&#8221;279&#8243; img_size=&#8221;full&#8221;][vc_single_image image=&#8221;280&#8243; img_size=&#8221;full&#8221;][vc_single_image image=&#8221;281&#8243; img_size=&#8221;full&#8221;][vc_single_image image=&#8221;282&#8243; img_size=&#8221;full&#8221;][vc_single_image image=&#8221;283&#8243; img_size=&#8221;full&#8221;][vc_single_image image=&#8221;284&#8243; img_size=&#8221;full&#8221;][vc_single_image image=&#8221;286&#8243; img_size=&#8221;full&#8221;][vc_single_image image=&#8221;287&#8243; img_size=&#8221;full&#8221;][vc_single_image image=&#8221;288&#8243; img_size=&#8221;full&#8221;][vc_single_image image=&#8221;289&#8243; img_size=&#8221;full&#8221;][vc_single_image image=&#8221;290&#8243; img_size=&#8221;full&#8221;][vc_single_image image=&#8221;291&#8243; img_size=&#8221;full&#8221;][vc_single_image image=&#8221;292&#8243; img_size=&#8221;full&#8221;][vc_single_image image=&#8221;293&#8243; img_size=&#8221;full&#8221;][vc_single_image image=&#8221;294&#8243; img_size=&#8221;full&#8221;][vc_single_image image=&#8221;295&#8243; img_size=&#8221;full&#8221;]<\/div><\/div><script>\n\tjQuery(document).ready(function ($) {\n\t\tif ($.fn.slick) {\n\t\t\t$('.porto-carousel-153211220769f8ac8d91e6e').slick({dots: false,autoplay: true,autoplaySpeed: 4000,speed: 300,infinite: true,arrows: false,slidesToScroll:4,slidesToShow:4,swipe: true,draggable: true,touchMove: true,pauseOnHover: true,responsive: [\n\t\t\t\t{\n\t\t\t\t  breakpoint: 1025,\n\t\t\t\t  settings: {\n\t\t\t\t\tslidesToShow: 4,\n\t\t\t\t\tslidesToScroll: 4,  \n\t\t\t\t  }\n\t\t\t\t},\n\t\t\t\t{\n\t\t\t\t  breakpoint: 769,\n\t\t\t\t  settings: {\n\t\t\t\t\tslidesToShow: 3,\n\t\t\t\t\tslidesToScroll: 3\n\t\t\t\t  }\n\t\t\t\t},\n\t\t\t\t{\n\t\t\t\t  breakpoint: 481,\n\t\t\t\t  settings: {\n\t\t\t\t\tslidesToShow: 2,\n\t\t\t\t\tslidesToScroll: 2\n\t\t\t\t  }\n\t\t\t\t}\n\t\t\t],pauseOnDotsHover: true,customPaging: function(slider, i) {\n\t   return '<i type=\"button\" style=\"color:#333333;\" class=\"far fa-circle\" data-role=\"none\"><\/i>';\n\t},});\n\t\t} else {\n\t\t\tvar c = document.createElement(\"script\");\n\t\t\tc.src = \"\";\n\t\t\tif (!$('script[src=\"' + c.src + '\"]').length) {\n\t\t\t\tdocument.getElementsByTagName(\"body\")[0].appendChild(c);\n\t\t\t}\n\t\t\tc = document.createElement(\"script\");\n\t\t\tc.src = \"\";\n\t\t\tif (!$('script[src=\"' + c.src + '\"]').length) {\n\t\t\t\tdocument.getElementsByTagName(\"body\")[0].appendChild(c);\n\t\t\t}\n\t\t\tsetTimeout(function() {\n\t\t\t\tif ($.fn.slick) { $('.porto-carousel-153211220769f8ac8d91e6e').slick({dots: false,autoplay: true,autoplaySpeed: 4000,speed: 300,infinite: true,arrows: false,slidesToScroll:4,slidesToShow:4,swipe: true,draggable: true,touchMove: true,pauseOnHover: true,responsive: [\n\t\t\t\t{\n\t\t\t\t  breakpoint: 1025,\n\t\t\t\t  settings: {\n\t\t\t\t\tslidesToShow: 4,\n\t\t\t\t\tslidesToScroll: 4,  \n\t\t\t\t  }\n\t\t\t\t},\n\t\t\t\t{\n\t\t\t\t  breakpoint: 769,\n\t\t\t\t  settings: {\n\t\t\t\t\tslidesToShow: 3,\n\t\t\t\t\tslidesToScroll: 3\n\t\t\t\t  }\n\t\t\t\t},\n\t\t\t\t{\n\t\t\t\t  breakpoint: 481,\n\t\t\t\t  settings: {\n\t\t\t\t\tslidesToShow: 2,\n\t\t\t\t\tslidesToScroll: 2\n\t\t\t\t  }\n\t\t\t\t}\n\t\t\t],pauseOnDotsHover: true,customPaging: function(slider, i) {\n\t   return '<i type=\"button\" style=\"color:#333333;\" class=\"far fa-circle\" data-role=\"none\"><\/i>';\n\t},}); }\n\t\t\t}, 300);\n\t\t}\n\t});\n<\/script>\n[\/vc_column][\/vc_row][vc_row][vc_column][vc_column_text]<strong>Colector Gran Via \/ Calle Me\u0301jico<\/strong>[\/vc_column_text][\/vc_column][\/vc_row][vc_row full_width=&#8221;stretch_row&#8221;][vc_column]<div id=\"porto-carousel-9595850769f8ac8d921cb\" class=\"porto-carousel-wrapper  vc_custom_1592909338006 \" data-gutter=\"15\" data-rtl=\"false\" ><div class=\"porto-ultimate-carousel porto-carousel-146659975069f8ac8d921ab \" >[vc_single_image image=&#8221;296&#8243; img_size=&#8221;full&#8221;][vc_single_image image=&#8221;297&#8243; img_size=&#8221;full&#8221;][vc_single_image image=&#8221;298&#8243; img_size=&#8221;full&#8221;][vc_single_image image=&#8221;299&#8243; img_size=&#8221;full&#8221;][vc_single_image image=&#8221;300&#8243; img_size=&#8221;full&#8221;][vc_single_image image=&#8221;301&#8243; img_size=&#8221;full&#8221;]<\/div><\/div><script>\n\tjQuery(document).ready(function ($) {\n\t\tif ($.fn.slick) {\n\t\t\t$('.porto-carousel-146659975069f8ac8d921ab').slick({dots: false,autoplay: true,autoplaySpeed: 4000,speed: 300,infinite: true,arrows: false,slidesToScroll:4,slidesToShow:4,swipe: true,draggable: true,touchMove: true,pauseOnHover: true,responsive: [\n\t\t\t\t{\n\t\t\t\t  breakpoint: 1025,\n\t\t\t\t  settings: {\n\t\t\t\t\tslidesToShow: 4,\n\t\t\t\t\tslidesToScroll: 4,  \n\t\t\t\t  }\n\t\t\t\t},\n\t\t\t\t{\n\t\t\t\t  breakpoint: 769,\n\t\t\t\t  settings: {\n\t\t\t\t\tslidesToShow: 3,\n\t\t\t\t\tslidesToScroll: 3\n\t\t\t\t  }\n\t\t\t\t},\n\t\t\t\t{\n\t\t\t\t  breakpoint: 481,\n\t\t\t\t  settings: {\n\t\t\t\t\tslidesToShow: 2,\n\t\t\t\t\tslidesToScroll: 2\n\t\t\t\t  }\n\t\t\t\t}\n\t\t\t],pauseOnDotsHover: true,customPaging: function(slider, i) {\n\t   return '<i type=\"button\" style=\"color:#333333;\" class=\"far fa-circle\" data-role=\"none\"><\/i>';\n\t},});\n\t\t} else {\n\t\t\tvar c = document.createElement(\"script\");\n\t\t\tc.src = \"\";\n\t\t\tif (!$('script[src=\"' + c.src + '\"]').length) {\n\t\t\t\tdocument.getElementsByTagName(\"body\")[0].appendChild(c);\n\t\t\t}\n\t\t\tc = document.createElement(\"script\");\n\t\t\tc.src = \"\";\n\t\t\tif (!$('script[src=\"' + c.src + '\"]').length) {\n\t\t\t\tdocument.getElementsByTagName(\"body\")[0].appendChild(c);\n\t\t\t}\n\t\t\tsetTimeout(function() {\n\t\t\t\tif ($.fn.slick) { $('.porto-carousel-146659975069f8ac8d921ab').slick({dots: false,autoplay: true,autoplaySpeed: 4000,speed: 300,infinite: true,arrows: false,slidesToScroll:4,slidesToShow:4,swipe: true,draggable: true,touchMove: true,pauseOnHover: true,responsive: [\n\t\t\t\t{\n\t\t\t\t  breakpoint: 1025,\n\t\t\t\t  settings: {\n\t\t\t\t\tslidesToShow: 4,\n\t\t\t\t\tslidesToScroll: 4,  \n\t\t\t\t  }\n\t\t\t\t},\n\t\t\t\t{\n\t\t\t\t  breakpoint: 769,\n\t\t\t\t  settings: {\n\t\t\t\t\tslidesToShow: 3,\n\t\t\t\t\tslidesToScroll: 3\n\t\t\t\t  }\n\t\t\t\t},\n\t\t\t\t{\n\t\t\t\t  breakpoint: 481,\n\t\t\t\t  settings: {\n\t\t\t\t\tslidesToShow: 2,\n\t\t\t\t\tslidesToScroll: 2\n\t\t\t\t  }\n\t\t\t\t}\n\t\t\t],pauseOnDotsHover: true,customPaging: function(slider, i) {\n\t   return '<i type=\"button\" style=\"color:#333333;\" class=\"far fa-circle\" data-role=\"none\"><\/i>';\n\t},}); }\n\t\t\t}, 300);\n\t\t}\n\t});\n<\/script>\n[\/vc_column][\/vc_row][vc_row css=&#8221;.vc_custom_1592909295534{padding-top: 30px !important;}&#8221;][vc_column][vc_column_text]<strong>Ca\u0301maras frigori\u0301ficas<\/strong>[\/vc_column_text][\/vc_column][\/vc_row][vc_row full_width=&#8221;stretch_row&#8221; css=&#8221;.vc_custom_1592922144934{padding-top: 30px !important;padding-bottom: 30px !important;background-color: #f4f4f4 !important;}&#8221;][vc_column]<div id=\"porto-carousel-78473285669f8ac8d92493\" class=\"porto-carousel-wrapper  vc_custom_1592909342397 \" data-gutter=\"15\" data-rtl=\"false\" ><div class=\"porto-ultimate-carousel porto-carousel-15231177969f8ac8d92473 \" >[vc_single_image image=&#8221;308&#8243; img_size=&#8221;full&#8221;][vc_single_image image=&#8221;309&#8243; img_size=&#8221;full&#8221;][vc_single_image image=&#8221;310&#8243; img_size=&#8221;full&#8221;][vc_single_image image=&#8221;311&#8243; img_size=&#8221;full&#8221;][vc_single_image image=&#8221;312&#8243; img_size=&#8221;full&#8221;][vc_single_image image=&#8221;313&#8243; img_size=&#8221;full&#8221;]<\/div><\/div><script>\n\tjQuery(document).ready(function ($) {\n\t\tif ($.fn.slick) {\n\t\t\t$('.porto-carousel-15231177969f8ac8d92473').slick({dots: false,autoplay: true,autoplaySpeed: 4000,speed: 300,infinite: true,arrows: false,slidesToScroll:4,slidesToShow:4,swipe: true,draggable: true,touchMove: true,pauseOnHover: true,responsive: [\n\t\t\t\t{\n\t\t\t\t  breakpoint: 1025,\n\t\t\t\t  settings: {\n\t\t\t\t\tslidesToShow: 4,\n\t\t\t\t\tslidesToScroll: 4,  \n\t\t\t\t  }\n\t\t\t\t},\n\t\t\t\t{\n\t\t\t\t  breakpoint: 769,\n\t\t\t\t  settings: {\n\t\t\t\t\tslidesToShow: 3,\n\t\t\t\t\tslidesToScroll: 3\n\t\t\t\t  }\n\t\t\t\t},\n\t\t\t\t{\n\t\t\t\t  breakpoint: 481,\n\t\t\t\t  settings: {\n\t\t\t\t\tslidesToShow: 2,\n\t\t\t\t\tslidesToScroll: 2\n\t\t\t\t  }\n\t\t\t\t}\n\t\t\t],pauseOnDotsHover: true,customPaging: function(slider, i) {\n\t   return '<i type=\"button\" style=\"color:#333333;\" class=\"far fa-circle\" data-role=\"none\"><\/i>';\n\t},});\n\t\t} else {\n\t\t\tvar c = document.createElement(\"script\");\n\t\t\tc.src = \"\";\n\t\t\tif (!$('script[src=\"' + c.src + '\"]').length) {\n\t\t\t\tdocument.getElementsByTagName(\"body\")[0].appendChild(c);\n\t\t\t}\n\t\t\tc = document.createElement(\"script\");\n\t\t\tc.src = \"\";\n\t\t\tif (!$('script[src=\"' + c.src + '\"]').length) {\n\t\t\t\tdocument.getElementsByTagName(\"body\")[0].appendChild(c);\n\t\t\t}\n\t\t\tsetTimeout(function() {\n\t\t\t\tif ($.fn.slick) { $('.porto-carousel-15231177969f8ac8d92473').slick({dots: false,autoplay: true,autoplaySpeed: 4000,speed: 300,infinite: true,arrows: false,slidesToScroll:4,slidesToShow:4,swipe: true,draggable: true,touchMove: true,pauseOnHover: true,responsive: [\n\t\t\t\t{\n\t\t\t\t  breakpoint: 1025,\n\t\t\t\t  settings: {\n\t\t\t\t\tslidesToShow: 4,\n\t\t\t\t\tslidesToScroll: 4,  \n\t\t\t\t  }\n\t\t\t\t},\n\t\t\t\t{\n\t\t\t\t  breakpoint: 769,\n\t\t\t\t  settings: {\n\t\t\t\t\tslidesToShow: 3,\n\t\t\t\t\tslidesToScroll: 3\n\t\t\t\t  }\n\t\t\t\t},\n\t\t\t\t{\n\t\t\t\t  breakpoint: 481,\n\t\t\t\t  settings: {\n\t\t\t\t\tslidesToShow: 2,\n\t\t\t\t\tslidesToScroll: 2\n\t\t\t\t  }\n\t\t\t\t}\n\t\t\t],pauseOnDotsHover: true,customPaging: function(slider, i) {\n\t   return '<i type=\"button\" style=\"color:#333333;\" class=\"far fa-circle\" data-role=\"none\"><\/i>';\n\t},}); }\n\t\t\t}, 300);\n\t\t}\n\t});\n<\/script>\n[\/vc_column][\/vc_row]<\/p>\n","protected":false},"excerpt":{"rendered":"<p>[vc_row full_width=&#8221;stretch_row&#8221; css=&#8221;.vc_custom_1592907793823{padding-top: 100px !important;padding-bottom: 70px !important;background-image: url(https:\/\/ras21.com\/wp-content\/uploads\/2020\/06\/patalogias.jpg?id=269) !important;background-position: center !important;background-repeat: no-repeat !important;background-size: cover !important;}&#8221;][vc_column][vc_column_text] Patolog\u00edas del hormig\u00f3n y refuerzos estructurales [\/vc_column_text][\/vc_column][\/vc_row][vc_row content_placement=&#8221;middle&#8221;][vc_column width=&#8221;1\/2&#8243;][vc_column_text] Reforma y remodelaci\u00f3n completa de edificios, naves y equipamientos. Desmontes y escombros. Trabajos de dif\u00edcil acceso y en espacios confinados. Mantenimiento de obra civil en industria. Reparaci\u00f3n de hormig\u00f3n estructural con [&hellip;]<\/p>\n","protected":false},"author":1,"featured_media":0,"parent":0,"menu_order":0,"comment_status":"closed","ping_status":"closed","template":"","meta":[],"_links":{"self":[{"href":"https:\/\/ras21.com\/es\/wp-json\/wp\/v2\/pages\/268\/"}],"collection":[{"href":"https:\/\/ras21.com\/es\/wp-json\/wp\/v2\/pages\/"}],"about":[{"href":"https:\/\/ras21.com\/es\/wp-json\/wp\/v2\/types\/page\/"}],"author":[{"embeddable":true,"href":"https:\/\/ras21.com\/es\/wp-json\/wp\/v2\/users\/1\/"}],"replies":[{"embeddable":true,"href":"https:\/\/ras21.com\/es\/wp-json\/wp\/v2\/comments\/?post=268"}],"version-history":[{"count":16,"href":"https:\/\/ras21.com\/es\/wp-json\/wp\/v2\/pages\/268\/revisions\/"}],"predecessor-version":[{"id":1069,"href":"https:\/\/ras21.com\/es\/wp-json\/wp\/v2\/pages\/268\/revisions\/1069\/"}],"wp:attachment":[{"href":"https:\/\/ras21.com\/es\/wp-json\/wp\/v2\/media\/?parent=268"}],"curies":[{"name":"wp","href":"https:\/\/api.w.org\/{rel}","templated":true}]}}