{"id":488,"date":"2020-06-23T15:03:11","date_gmt":"2020-06-23T15:03:11","guid":{"rendered":"https:\/\/ras21.com\/?page_id=488"},"modified":"2020-10-20T14:21:36","modified_gmt":"2020-10-20T14:21:36","slug":"experiencia","status":"publish","type":"page","link":"https:\/\/ras21.com\/es\/experiencia\/","title":{"rendered":"Experiencia"},"content":{"rendered":"<p>[vc_row full_width=&#8221;stretch_row&#8221; css=&#8221;.vc_custom_1592925035941{padding-top: 100px !important;padding-bottom: 70px !important;background-image: url(https:\/\/ras21.com\/wp-content\/uploads\/2020\/06\/experiencia2.jpg?id=489) !important;background-position: center !important;background-repeat: no-repeat !important;background-size: cover !important;}&#8221;][vc_column][vc_column_text]<\/p>\n<h2 style=\"text-align: center;\"><strong><span style=\"color: #ffffff;\">Con m\u00e1s de 30 a\u00f1os<br \/>\nde actividad ininterrumpida<\/span><\/strong><\/h2>\n<p>[\/vc_column_text][\/vc_column][\/vc_row][vc_row][vc_column][vc_column_text]<\/p>\n<p style=\"margin-bottom: 5px; font-weight: bold; text-align: center;\">UNA GRAN EXPERIENCIA<\/p>\n<h5 style=\"text-align: center;\">En el sector de la construcci\u00f3n y la rehabilitaci\u00f3n<\/h5>\n<p>[\/vc_column_text][vc_separator color=&#8221;custom&#8221; border_width=&#8221;2&#8243; el_width=&#8221;20&#8243; style=&#8221;solid&#8221; accent_color=&#8221;#026240&#8243;][vc_column_text]<\/p>\n<p style=\"text-align: center;\"><span style=\"color: #026240;\"><strong>RAS 21, S.L cubre una extensa gama de prestaciones<\/strong><\/span> espec\u00edficas especialmente en el campo del mantenimiento y la rehabilitaci\u00f3n cubriendo las necesidades de nuestros clientes de una manera flexible y adapt\u00e1ndose a las propias caracter\u00edsticas del trabajo que haya de efectuarse.<\/p>\n<p style=\"text-align: center;\">Personal cualificado con formaci\u00f3n constante, espec\u00edfica y homologada.<\/p>\n<p>[\/vc_column_text][\/vc_column][\/vc_row]<\/p>\n","protected":false},"excerpt":{"rendered":"<p>[vc_row full_width=&#8221;stretch_row&#8221; css=&#8221;.vc_custom_1592925035941{padding-top: 100px !important;padding-bottom: 70px !important;background-image: url(https:\/\/ras21.com\/wp-content\/uploads\/2020\/06\/experiencia2.jpg?id=489) !important;background-position: center !important;background-repeat: no-repeat !important;background-size: cover !important;}&#8221;][vc_column][vc_column_text] Con m\u00e1s de 30 a\u00f1os de actividad ininterrumpida [\/vc_column_text][\/vc_column][\/vc_row][vc_row][vc_column][vc_column_text] UNA GRAN EXPERIENCIA En el sector de la construcci\u00f3n y la rehabilitaci\u00f3n [\/vc_column_text][vc_separator color=&#8221;custom&#8221; border_width=&#8221;2&#8243; el_width=&#8221;20&#8243; style=&#8221;solid&#8221; accent_color=&#8221;#026240&#8243;][vc_column_text] RAS 21, S.L cubre una extensa gama de prestaciones espec\u00edficas especialmente en el [&hellip;]<\/p>\n","protected":false},"author":1,"featured_media":0,"parent":0,"menu_order":0,"comment_status":"closed","ping_status":"closed","template":"","meta":[],"_links":{"self":[{"href":"https:\/\/ras21.com\/es\/wp-json\/wp\/v2\/pages\/488\/"}],"collection":[{"href":"https:\/\/ras21.com\/es\/wp-json\/wp\/v2\/pages\/"}],"about":[{"href":"https:\/\/ras21.com\/es\/wp-json\/wp\/v2\/types\/page\/"}],"author":[{"embeddable":true,"href":"https:\/\/ras21.com\/es\/wp-json\/wp\/v2\/users\/1\/"}],"replies":[{"embeddable":true,"href":"https:\/\/ras21.com\/es\/wp-json\/wp\/v2\/comments\/?post=488"}],"version-history":[{"count":14,"href":"https:\/\/ras21.com\/es\/wp-json\/wp\/v2\/pages\/488\/revisions\/"}],"predecessor-version":[{"id":693,"href":"https:\/\/ras21.com\/es\/wp-json\/wp\/v2\/pages\/488\/revisions\/693\/"}],"wp:attachment":[{"href":"https:\/\/ras21.com\/es\/wp-json\/wp\/v2\/media\/?parent=488"}],"curies":[{"name":"wp","href":"https:\/\/api.w.org\/{rel}","templated":true}]}}