{"id":6,"date":"2020-06-22T08:50:12","date_gmt":"2020-06-22T08:50:12","guid":{"rendered":"https:\/\/ras21.com\/?page_id=6"},"modified":"2020-10-20T15:12:34","modified_gmt":"2020-10-20T15:12:34","slug":"inicio","status":"publish","type":"page","link":"https:\/\/ras21.com\/es\/","title":{"rendered":"Inicio"},"content":{"rendered":"<p>[vc_row full_width=&#8221;stretch_row&#8221; css=&#8221;.vc_custom_1593096740297{padding-top: 350px !important;background-image: url(https:\/\/ras21.com\/wp-content\/uploads\/2020\/06\/inicio.jpg?id=514) !important;background-position: 0 0 !important;background-repeat: no-repeat !important;}&#8221;][vc_column][vc_column_text css=&#8221;.vc_custom_1593162692700{padding-bottom: 30px !important;}&#8221;]<\/p>\n<h2><strong><span style=\"color: #ffffff;\">T\u00c9CNICAS Y SERVICIOS AUXILIARES<\/span><\/strong><br \/>\n<strong><span style=\"color: #ffffff;\">DE LA CONSTRUCCI\u00d3N<\/span><\/strong><\/h2>\n<p>[\/vc_column_text][vc_row_inner css=&#8221;.vc_custom_1593414678508{margin-bottom: -35px !important;}&#8221;][vc_column_inner width=&#8221;1\/5&#8243; offset=&#8221;vc_hidden-sm vc_hidden-xs&#8221;][vc_single_image image=&#8221;720&#8243; img_size=&#8221;full&#8221; alignment=&#8221;center&#8221; onclick=&#8221;custom_link&#8221; el_id=&#8221;rehabilitacion&#8221; link=&#8221;https:\/\/ras21.com\/rehabilitacion-en-fachadas-y-edificios\/&#8221;][\/vc_column_inner][vc_column_inner width=&#8221;1\/5&#8243; offset=&#8221;vc_hidden-sm vc_hidden-xs&#8221;][vc_single_image image=&#8221;719&#8243; img_size=&#8221;full&#8221; alignment=&#8221;center&#8221; onclick=&#8221;custom_link&#8221; el_id=&#8221;dos&#8221; link=&#8221;https:\/\/ras21.com\/patologias-del-hormigon-y-refuerzos-estructurales\/&#8221; label=&#8221;&#8221;][\/vc_column_inner][vc_column_inner width=&#8221;1\/5&#8243; offset=&#8221;vc_hidden-sm vc_hidden-xs&#8221;][vc_single_image image=&#8221;723&#8243; img_size=&#8221;full&#8221; alignment=&#8221;center&#8221; onclick=&#8221;custom_link&#8221; el_id=&#8221;tres&#8221; link=&#8221;https:\/\/ras21.com\/tratamientos-especiales-en-pavimentos\/&#8221;][\/vc_column_inner][vc_column_inner width=&#8221;1\/5&#8243; offset=&#8221;vc_hidden-sm vc_hidden-xs&#8221;][vc_single_image image=&#8221;721&#8243; img_size=&#8221;full&#8221; alignment=&#8221;center&#8221; onclick=&#8221;custom_link&#8221; el_id=&#8221;cuatro&#8221; link=&#8221;http:\/\/https:\/\/ras21.com\/pintura-industrial-y-decorativa\/&#8221;][\/vc_column_inner][vc_column_inner width=&#8221;1\/5&#8243; offset=&#8221;vc_hidden-sm vc_hidden-xs&#8221;][vc_single_image image=&#8221;722&#8243; img_size=&#8221;full&#8221; alignment=&#8221;center&#8221; onclick=&#8221;custom_link&#8221; el_id=&#8221;cinco&#8221; link=&#8221;https:\/\/ras21.com\/impermeabilizaciones-y-juntas\/&#8221;][\/vc_column_inner][\/vc_row_inner][\/vc_column][\/vc_row][vc_row][vc_column][vc_row_inner][vc_column_inner width=&#8221;1\/2&#8243; offset=&#8221;vc_hidden-lg vc_hidden-md&#8221;][vc_single_image image=&#8221;545&#8243; img_size=&#8221;full&#8221; alignment=&#8221;center&#8221; onclick=&#8221;custom_link&#8221; link=&#8221;https:\/\/ras21.com\/rehabilitacion-en-fachadas-y-edificios\/&#8221;][\/vc_column_inner][vc_column_inner width=&#8221;1\/2&#8243; offset=&#8221;vc_hidden-lg vc_hidden-md&#8221;][vc_single_image image=&#8221;676&#8243; img_size=&#8221;full&#8221; alignment=&#8221;center&#8221; onclick=&#8221;custom_link&#8221; link=&#8221;https:\/\/ras21.com\/patologias-del-hormigon-y-refuerzos-estructurales\/&#8221; label=&#8221;&#8221;][\/vc_column_inner][\/vc_row_inner][\/vc_column][\/vc_row][vc_row][vc_column][vc_row_inner][vc_column_inner width=&#8221;1\/2&#8243; offset=&#8221;vc_hidden-lg vc_hidden-md&#8221;][vc_single_image image=&#8221;681&#8243; img_size=&#8221;full&#8221; alignment=&#8221;center&#8221; onclick=&#8221;custom_link&#8221; link=&#8221;https:\/\/ras21.com\/tratamientos-especiales-en-pavimentos\/&#8221;][\/vc_column_inner][vc_column_inner width=&#8221;1\/2&#8243; offset=&#8221;vc_hidden-lg vc_hidden-md&#8221;][vc_single_image image=&#8221;548&#8243; img_size=&#8221;full&#8221; alignment=&#8221;center&#8221; onclick=&#8221;custom_link&#8221; link=&#8221;https:\/\/ras21.com\/pintura-industrial-y-decorativa\/&#8221;][\/vc_column_inner][\/vc_row_inner][\/vc_column][\/vc_row][vc_row][vc_column][vc_row_inner][vc_column_inner width=&#8221;1\/2&#8243; offset=&#8221;vc_hidden-lg vc_hidden-md&#8221;][vc_single_image image=&#8221;683&#8243; img_size=&#8221;full&#8221; alignment=&#8221;center&#8221; onclick=&#8221;custom_link&#8221; link=&#8221;https:\/\/ras21.com\/impermeabilizaciones-y-juntas\/&#8221;][\/vc_column_inner][vc_column_inner width=&#8221;1\/2&#8243; offset=&#8221;vc_hidden-lg vc_hidden-md&#8221;][\/vc_column_inner][\/vc_row_inner][\/vc_column][\/vc_row][vc_row css=&#8221;.vc_custom_1593414425566{padding-top: 30px !important;}&#8221;][vc_column width=&#8221;1\/4&#8243;][vc_single_image image=&#8221;31&#8243; img_size=&#8221;full&#8221;][vc_column_text]<strong>PRODUCTO 1\u00aa L\u00cdNEA<br \/>\n<\/strong>Homologados, seg\u00fan la CE y cumplimiento de las normas medioambientales.[\/vc_column_text][\/vc_column][vc_column width=&#8221;1\/4&#8243;][vc_single_image image=&#8221;30&#8243; img_size=&#8221;full&#8221;][vc_column_text]<strong>ASISTENCIA T\u00c9CNICA<br \/>\n<\/strong>T\u00e9cnicos cualificados, asesoramiento y m\u00e1s de 30 a\u00f1os de experiencia.[\/vc_column_text][\/vc_column][vc_column width=&#8221;1\/4&#8243;][vc_single_image image=&#8221;28&#8243; img_size=&#8221;full&#8221;][vc_column_text]<strong>AN\u00c1LISIS DEL PROBLEMA<br \/>\n<\/strong>Visualizaci\u00f3n, comprobaci\u00f3n, an\u00e1lisis y diagn\u00f3stico.[\/vc_column_text][\/vc_column][vc_column width=&#8221;1\/4&#8243;][vc_single_image image=&#8221;29&#8243; img_size=&#8221;full&#8221;][vc_column_text]<strong>APLICADORES CUALIFICADOS<br \/>\n<\/strong>Formaci\u00f3n constante, experiencia y reciclaje.[\/vc_column_text][\/vc_column][\/vc_row][vc_row full_width=&#8221;stretch_row&#8221; css=&#8221;.vc_custom_1592830901507{padding-top: 30px !important;background-color: #f4f4f4 !important;}&#8221;][vc_column][vc_column_text]<\/p>\n<p style=\"text-align: center; margin-bottom: 5px;\"><strong>\u00bfQUI\u00c9NES SOMOS?<\/strong><\/p>\n<h5 style=\"text-align: center;\">RAS 21, S.L<\/h5>\n<p>[\/vc_column_text][vc_separator color=&#8221;custom&#8221; border_width=&#8221;2&#8243; el_width=&#8221;10&#8243; style=&#8221;solid&#8221; accent_color=&#8221;#026240&#8243;][vc_column_text]<\/p>\n<p style=\"text-align: center;\">Es una empresa familiar <span style=\"color: #026240;\"><strong>fundada a finales de los a\u00f1os 80<\/strong><\/span>, con m\u00e1s de 30 a\u00f1os de actividad ininterrumpida dando servicio a diferentes \u00e1reas de los<br \/>\nsectores de la construcci\u00f3n, industria y mantenimiento.<\/p>\n<p style=\"text-align: center;\">Nuestros principales <span style=\"color: #026240;\"><strong>objetivos son alcanzar la excelencia<\/strong><\/span> en la calidad final del producto y la plena satisfacci\u00f3n del cliente.<\/p>\n<p>[\/vc_column_text][vc_row_inner content_placement=&#8221;middle&#8221;][vc_column_inner width=&#8221;1\/2&#8243;][vc_column_text]<\/p>\n<p style=\"text-align: center;\"><strong>Certificaciones en sistemas<\/strong><\/p>\n<p style=\"text-align: center;\"><i class=\"fa fa-check\"><\/i> De gesti\u00f3n de la calidad<br \/>\n<i class=\"fa fa-check\"><\/i> De gesti\u00f3n medioambiental<br \/>\n<i class=\"fa fa-check\"><\/i> De gesti\u00f3n de prevenci\u00f3n de riesgos laborales<\/p>\n<p style=\"text-align: center;\"><i class=\"far fa-file-pdf\" style=\"color: #be1622; font-size: 22px;\"><\/i> <span style=\"color: #333333;\"><a style=\"color: #333333;\" href=\"https:\/\/ras21.com\/wp-content\/uploads\/2020\/09\/certificados.pdf\" target=\"_blank\" rel=\"noopener noreferrer\"><strong>Descargar certificaciones<\/strong><\/a><\/span><\/p>\n<p>[\/vc_column_text]<div class=\"porto-btn-ctn-center \"><a class=\"porto-btn porto-adjust-bottom-margin porto-btn-normal porto-btn-no-hover-bg  porto-btn-center \" title='Experiencia' rel='' href = \"https:\/\/ras21.com\/empresa\/\"  data-hover=\"\" data-border-color=\"#026240\" data-bg=\"rgba(2,98,64,0.01)\" data-hover-bg=\"\" data-border-hover=\"#333333\" data-shadow-click=\"none\" data-shadow=\"\" style=\"border-width:2px;border-color:#026240;border-style:solid;background: rgba(2,98,64,0.01);color: #333333;\"><span class=\"porto-btn-hover\"><\/span><span class=\"porto-btn-data porto-btn-text \" >M\u00c1S INFO<\/span><\/a><\/div>[\/vc_column_inner][vc_column_inner width=&#8221;1\/2&#8243;][vc_single_image image=&#8221;41&#8243; img_size=&#8221;full&#8221;][\/vc_column_inner][\/vc_row_inner][\/vc_column][\/vc_row][vc_row][vc_column][vc_column_text]<\/p>\n<p style=\"text-align: center; margin-bottom: 5px;\"><strong>NUESTROS SERVICIOS<\/strong><\/p>\n<h5 style=\"text-align: center;\">Estamos seguros que podemos ser sus expertos colaboradores<\/h5>\n<p>[\/vc_column_text][vc_separator color=&#8221;custom&#8221; border_width=&#8221;2&#8243; el_width=&#8221;10&#8243; style=&#8221;solid&#8221; accent_color=&#8221;#026240&#8243;][vc_column_text]<\/p>\n<p style=\"text-align: center;\">Los servicios que ofrecemos est\u00e1n <span style=\"color: #026240;\"><strong>basados en la experiencia y conocimientos t\u00e9cnicos<\/strong><\/span> adquiridos a lo largo de las diversas actuaciones realizadas en la construcci\u00f3n durante la trayectoria profesional de las personas integrantes hoy en d\u00eda en nuestra empresa tanto en el \u00e1mbito de la <span style=\"color: #026240;\"><strong>construcci\u00f3n<\/strong><\/span> como en el de la <span style=\"color: #026240;\"><strong>rehabilitaci\u00f3n<\/strong><\/span>.<\/p>\n<p>[\/vc_column_text]<div class=\"porto-btn-ctn-center \"><a class=\"porto-btn porto-adjust-bottom-margin porto-btn-normal porto-btn-no-hover-bg  porto-btn-center \" title='Servicios' rel='' href = \"https:\/\/ras21.com\/index.php\/servicios\/\"  data-hover=\"\" data-border-color=\"#026240\" data-bg=\"rgba(2,98,64,0.01)\" data-hover-bg=\"\" data-border-hover=\"#333333\" data-shadow-click=\"none\" data-shadow=\"\" style=\"border-width:2px;border-color:#026240;border-style:solid;background: rgba(2,98,64,0.01);color: #333333;\"><span class=\"porto-btn-hover\"><\/span><span class=\"porto-btn-data porto-btn-text \" >M\u00c1S INFO<\/span><\/a><\/div>[\/vc_column][\/vc_row][vc_row full_width=&#8221;stretch_row&#8221; css=&#8221;.vc_custom_1592823160588{padding-top: 30px !important;background-color: #f4f4f4 !important;}&#8221;][vc_column][vc_row_inner content_placement=&#8221;middle&#8221;][vc_column_inner width=&#8221;1\/2&#8243;][vc_single_image image=&#8221;68&#8243; img_size=&#8221;full&#8221;][\/vc_column_inner][vc_column_inner width=&#8221;1\/2&#8243;][vc_column_text]<\/p>\n<p style=\"text-align: center; margin-bottom: 5px;\"><strong>EXPERIENCIA T\u00c9CNICA<\/strong><\/p>\n<h5 style=\"text-align: center;\">Con m\u00e1s de 30 a\u00f1os de actividad ininterrumpida<\/h5>\n<p>[\/vc_column_text]<div class=\"porto-btn-ctn-center \"><a class=\"porto-btn porto-adjust-bottom-margin porto-btn-normal porto-btn-no-hover-bg  porto-btn-center \" title='Experiencia' rel='' href = \"https:\/\/ras21.com\/experiencia\/\"  data-hover=\"\" data-border-color=\"#026240\" data-bg=\"rgba(2,98,64,0.01)\" data-hover-bg=\"\" data-border-hover=\"#333333\" data-shadow-click=\"none\" data-shadow=\"\" style=\"border-width:2px;border-color:#026240;border-style:solid;background: rgba(2,98,64,0.01);color: #333333;\"><span class=\"porto-btn-hover\"><\/span><span class=\"porto-btn-data porto-btn-text \" >M\u00c1S INFO<\/span><\/a><\/div>[\/vc_column_inner][\/vc_row_inner][\/vc_column][\/vc_row]<\/p>\n","protected":false},"excerpt":{"rendered":"<p>[vc_row full_width=&#8221;stretch_row&#8221; css=&#8221;.vc_custom_1593096740297{padding-top: 350px !important;background-image: url(https:\/\/ras21.com\/wp-content\/uploads\/2020\/06\/inicio.jpg?id=514) !important;background-position: 0 0 !important;background-repeat: no-repeat !important;}&#8221;][vc_column][vc_column_text css=&#8221;.vc_custom_1593162692700{padding-bottom: 30px !important;}&#8221;] T\u00c9CNICAS Y SERVICIOS AUXILIARES DE LA CONSTRUCCI\u00d3N [\/vc_column_text][vc_row_inner css=&#8221;.vc_custom_1593414678508{margin-bottom: -35px !important;}&#8221;][vc_column_inner width=&#8221;1\/5&#8243; offset=&#8221;vc_hidden-sm vc_hidden-xs&#8221;][vc_single_image image=&#8221;720&#8243; img_size=&#8221;full&#8221; alignment=&#8221;center&#8221; onclick=&#8221;custom_link&#8221; el_id=&#8221;rehabilitacion&#8221; link=&#8221;https:\/\/ras21.com\/rehabilitacion-en-fachadas-y-edificios\/&#8221;][\/vc_column_inner][vc_column_inner width=&#8221;1\/5&#8243; offset=&#8221;vc_hidden-sm vc_hidden-xs&#8221;][vc_single_image image=&#8221;719&#8243; img_size=&#8221;full&#8221; alignment=&#8221;center&#8221; onclick=&#8221;custom_link&#8221; el_id=&#8221;dos&#8221; link=&#8221;https:\/\/ras21.com\/patologias-del-hormigon-y-refuerzos-estructurales\/&#8221; label=&#8221;&#8221;][\/vc_column_inner][vc_column_inner width=&#8221;1\/5&#8243; offset=&#8221;vc_hidden-sm vc_hidden-xs&#8221;][vc_single_image image=&#8221;723&#8243; img_size=&#8221;full&#8221; alignment=&#8221;center&#8221; onclick=&#8221;custom_link&#8221; el_id=&#8221;tres&#8221; link=&#8221;https:\/\/ras21.com\/tratamientos-especiales-en-pavimentos\/&#8221;][\/vc_column_inner][vc_column_inner width=&#8221;1\/5&#8243; [&hellip;]<\/p>\n","protected":false},"author":1,"featured_media":0,"parent":0,"menu_order":0,"comment_status":"closed","ping_status":"closed","template":"","meta":[],"_links":{"self":[{"href":"https:\/\/ras21.com\/es\/wp-json\/wp\/v2\/pages\/6\/"}],"collection":[{"href":"https:\/\/ras21.com\/es\/wp-json\/wp\/v2\/pages\/"}],"about":[{"href":"https:\/\/ras21.com\/es\/wp-json\/wp\/v2\/types\/page\/"}],"author":[{"embeddable":true,"href":"https:\/\/ras21.com\/es\/wp-json\/wp\/v2\/users\/1\/"}],"replies":[{"embeddable":true,"href":"https:\/\/ras21.com\/es\/wp-json\/wp\/v2\/comments\/?post=6"}],"version-history":[{"count":194,"href":"https:\/\/ras21.com\/es\/wp-json\/wp\/v2\/pages\/6\/revisions\/"}],"predecessor-version":[{"id":1071,"href":"https:\/\/ras21.com\/es\/wp-json\/wp\/v2\/pages\/6\/revisions\/1071\/"}],"wp:attachment":[{"href":"https:\/\/ras21.com\/es\/wp-json\/wp\/v2\/media\/?parent=6"}],"curies":[{"name":"wp","href":"https:\/\/api.w.org\/{rel}","templated":true}]}}