{"id":86,"date":"2020-06-22T13:30:32","date_gmt":"2020-06-22T13:30:32","guid":{"rendered":"https:\/\/ras21.com\/?page_id=86"},"modified":"2020-10-20T13:14:33","modified_gmt":"2020-10-20T13:14:33","slug":"empresa","status":"publish","type":"page","link":"https:\/\/ras21.com\/es\/empresa\/","title":{"rendered":"Empresa"},"content":{"rendered":"<p>[vc_row full_width=&#8221;stretch_row&#8221; css=&#8221;.vc_custom_1592835790268{padding-top: 100px !important;padding-bottom: 70px !important;background-image: url(https:\/\/ras21.com\/wp-content\/uploads\/2020\/06\/empresa.jpg?id=96) !important;background-position: center !important;background-repeat: no-repeat !important;background-size: cover !important;}&#8221;][vc_column][vc_column_text]<\/p>\n<h2 style=\"text-align: center;\"><strong><span style=\"color: #ffffff;\">30 a\u00f1os de experiencia en el sector<\/span><\/strong><br \/>\n<strong><span style=\"color: #ffffff;\">de la construcci\u00f3n y rehabilitaci\u00f3n<\/span><\/strong><\/h2>\n<p>[\/vc_column_text][\/vc_column][\/vc_row][vc_row][vc_column][vc_column_text]<\/p>\n<p style=\"text-align: center; margin-bottom: 5px;\"><strong>\u00bfQUI\u00c9NES SOMOS?<\/strong><\/p>\n<h5 style=\"text-align: center;\">RAS 21, S.L<\/h5>\n<p>[\/vc_column_text][vc_separator color=&#8221;custom&#8221; border_width=&#8221;2&#8243; el_width=&#8221;10&#8243; style=&#8221;solid&#8221; accent_color=&#8221;#026240&#8243;][vc_row_inner][vc_column_inner width=&#8221;1\/2&#8243;][vc_column_text]Es una empresa familiar <span style=\"color: #026240;\"><strong>fundada a finales de los a\u00f1os 80<\/strong><\/span>, con m\u00e1s de 30 a\u00f1os de actividad ininterrumpida dando servicio a diferentes \u00e1reas de los sectores de la construcci\u00f3n, industria y mantenimiento.<\/p>\n<p>Nuestros principales <span style=\"color: #026240;\"><strong>objetivos son alcanzar la excelencia<\/strong><\/span> en la calidad final del producto y la plena satisfacci\u00f3n del cliente.<\/p>\n<p>Estamos certificados en la pr\u00e1ctica totalidad de categor\u00edas de clasificaci\u00f3n de contratistas en el grupo de edificaciones, adicionalmente en otros como puentes, grandes estructuras, viales y pistas.<\/p>\n<p>Tambi\u00e9n contamos con la certificaci\u00f3n en sistemas de gesti\u00f3n de la calidad, medioambiental y prevenci\u00f3n de riesgos laborales. El amplio espectro y fidelidad de <span style=\"color: #026240;\"><strong>nuestros clientes avalan nuestra trayectoria e implantaci\u00f3n en el mercado<\/strong><\/span>.[\/vc_column_text][\/vc_column_inner][vc_column_inner width=&#8221;1\/2&#8243;][vc_column_text]<span style=\"color: #026240;\"><strong>Nuestro personal est\u00e1 cualificado<\/strong><\/span> y cuenta con una dilatada experiencia y especializaci\u00f3n, con formaci\u00f3n continua y espec\u00edfica y homologaci\u00f3n por parte de fabricantes de determinados sistemas.<\/p>\n<p>La maquinaria especializada que utilizamos es tambi\u00e9n propia, as\u00ed como las instalaciones centrales de almac\u00e9n, taller y oficinas.<\/p>\n<p><img loading=\"lazy\" class=\"aligncenter size-full wp-image-711\" src=\"https:\/\/ras21.com\/wp-content\/uploads\/2020\/09\/iso.jpg\" alt=\"\" width=\"582\" height=\"238\" srcset=\"https:\/\/ras21.com\/wp-content\/uploads\/2020\/09\/iso.jpg 582w, https:\/\/ras21.com\/wp-content\/uploads\/2020\/09\/iso-400x164.jpg 400w\" sizes=\"(max-width: 582px) 100vw, 582px\" \/>[\/vc_column_text][\/vc_column_inner][\/vc_row_inner][vc_column_text css=&#8221;.vc_custom_1593677413635{padding-top: 20px !important;}&#8221;]<\/p>\n<p style=\"text-align: center;\">Lo afirmado anteriormente permite a<span style=\"color: #026240;\"><strong> RAS 21, S.L cubrir una extensa gama de prestaciones<\/strong><\/span> espec\u00edficas especialmente en el campo del mantenimiento y la rehabilitaci\u00f3n cubriendo las necesidades de nuestros clientes de una manera flexible y adapt\u00e1ndose a las propias caracter\u00edsticas del trabajo que haya de efectuarse.<\/p>\n<p>[\/vc_column_text][\/vc_column][\/vc_row][vc_row full_width=&#8221;stretch_row&#8221; css=&#8221;.vc_custom_1592835185523{padding-top: 30px !important;padding-bottom: 30px !important;background-color: #f4f4f4 !important;}&#8221;][vc_column]<div id=\"porto-carousel-4770549896a05ca4026f08\" class=\"porto-carousel-wrapper  vc_custom_1589012000268 \" data-gutter=\"15\" data-rtl=\"false\" ><div class=\"porto-ultimate-carousel porto-carousel-7275216a05ca4026e79 \" >[vc_single_image image=&#8221;125&#8243; img_size=&#8221;full&#8221;][vc_single_image image=&#8221;122&#8243; img_size=&#8221;full&#8221;][vc_single_image image=&#8221;124&#8243; img_size=&#8221;full&#8221;][vc_single_image image=&#8221;123&#8243; img_size=&#8221;full&#8221;][vc_single_image image=&#8221;127&#8243; img_size=&#8221;full&#8221;][vc_single_image image=&#8221;126&#8243; img_size=&#8221;full&#8221;]<\/div><\/div><script>\n\tjQuery(document).ready(function ($) {\n\t\tif ($.fn.slick) {\n\t\t\t$('.porto-carousel-7275216a05ca4026e79').slick({dots: false,autoplay: true,autoplaySpeed: 4000,speed: 300,infinite: true,arrows: false,slidesToScroll:4,slidesToShow:4,swipe: true,draggable: true,touchMove: true,pauseOnHover: true,responsive: [\n\t\t\t\t{\n\t\t\t\t  breakpoint: 1025,\n\t\t\t\t  settings: {\n\t\t\t\t\tslidesToShow: 4,\n\t\t\t\t\tslidesToScroll: 4,  \n\t\t\t\t  }\n\t\t\t\t},\n\t\t\t\t{\n\t\t\t\t  breakpoint: 769,\n\t\t\t\t  settings: {\n\t\t\t\t\tslidesToShow: 3,\n\t\t\t\t\tslidesToScroll: 3\n\t\t\t\t  }\n\t\t\t\t},\n\t\t\t\t{\n\t\t\t\t  breakpoint: 481,\n\t\t\t\t  settings: {\n\t\t\t\t\tslidesToShow: 2,\n\t\t\t\t\tslidesToScroll: 2\n\t\t\t\t  }\n\t\t\t\t}\n\t\t\t],pauseOnDotsHover: true,customPaging: function(slider, i) {\n\t   return '<i type=\"button\" style=\"color:#333333;\" class=\"far fa-circle\" data-role=\"none\"><\/i>';\n\t},});\n\t\t} else {\n\t\t\tvar c = document.createElement(\"script\");\n\t\t\tc.src = \"\";\n\t\t\tif (!$('script[src=\"' + c.src + '\"]').length) {\n\t\t\t\tdocument.getElementsByTagName(\"body\")[0].appendChild(c);\n\t\t\t}\n\t\t\tc = document.createElement(\"script\");\n\t\t\tc.src = \"\";\n\t\t\tif (!$('script[src=\"' + c.src + '\"]').length) {\n\t\t\t\tdocument.getElementsByTagName(\"body\")[0].appendChild(c);\n\t\t\t}\n\t\t\tsetTimeout(function() {\n\t\t\t\tif ($.fn.slick) { $('.porto-carousel-7275216a05ca4026e79').slick({dots: false,autoplay: true,autoplaySpeed: 4000,speed: 300,infinite: true,arrows: false,slidesToScroll:4,slidesToShow:4,swipe: true,draggable: true,touchMove: true,pauseOnHover: true,responsive: [\n\t\t\t\t{\n\t\t\t\t  breakpoint: 1025,\n\t\t\t\t  settings: {\n\t\t\t\t\tslidesToShow: 4,\n\t\t\t\t\tslidesToScroll: 4,  \n\t\t\t\t  }\n\t\t\t\t},\n\t\t\t\t{\n\t\t\t\t  breakpoint: 769,\n\t\t\t\t  settings: {\n\t\t\t\t\tslidesToShow: 3,\n\t\t\t\t\tslidesToScroll: 3\n\t\t\t\t  }\n\t\t\t\t},\n\t\t\t\t{\n\t\t\t\t  breakpoint: 481,\n\t\t\t\t  settings: {\n\t\t\t\t\tslidesToShow: 2,\n\t\t\t\t\tslidesToScroll: 2\n\t\t\t\t  }\n\t\t\t\t}\n\t\t\t],pauseOnDotsHover: true,customPaging: function(slider, i) {\n\t   return '<i type=\"button\" style=\"color:#333333;\" class=\"far fa-circle\" data-role=\"none\"><\/i>';\n\t},}); }\n\t\t\t}, 300);\n\t\t}\n\t});\n<\/script>\n[\/vc_column][\/vc_row][vc_row equal_height=&#8221;yes&#8221; content_placement=&#8221;middle&#8221; css=&#8221;.vc_custom_1593079164287{margin-bottom: -30px !important;}&#8221;][vc_column width=&#8221;1\/2&#8243;][vc_column_text]<\/p>\n<p style=\"text-align: center;\"><strong>Certificaciones en sistemas<\/strong><\/p>\n<p style=\"text-align: center;\"><i class=\"fa fa-check\"><\/i> De gesti\u00f3n de la calidad<br \/>\n<i class=\"fa fa-check\"><\/i> De gesti\u00f3n medioambiental<br \/>\n<i class=\"fa fa-check\"><\/i> De gesti\u00f3n de prevenci\u00f3n de riesgos laborales<\/p>\n<p style=\"text-align: center;\"><i class=\"far fa-file-pdf\" style=\"color: #be1622; font-size: 22px;\"><\/i> <span style=\"color: #333333;\"><a style=\"color: #333333;\" href=\"https:\/\/ras21.com\/wp-content\/uploads\/2020\/09\/certificados.pdf\" target=\"_blank\" rel=\"noopener noreferrer\"><strong>Descargar certificaciones<\/strong><\/a><\/span><\/p>\n<p>[\/vc_column_text][\/vc_column][vc_column width=&#8221;1\/2&#8243;][vc_single_image image=&#8221;41&#8243; img_size=&#8221;full&#8221;][\/vc_column][\/vc_row]<\/p>\n","protected":false},"excerpt":{"rendered":"<p>[vc_row full_width=&#8221;stretch_row&#8221; css=&#8221;.vc_custom_1592835790268{padding-top: 100px !important;padding-bottom: 70px !important;background-image: url(https:\/\/ras21.com\/wp-content\/uploads\/2020\/06\/empresa.jpg?id=96) !important;background-position: center !important;background-repeat: no-repeat !important;background-size: cover !important;}&#8221;][vc_column][vc_column_text] 30 a\u00f1os de experiencia en el sector de la construcci\u00f3n y rehabilitaci\u00f3n [\/vc_column_text][\/vc_column][\/vc_row][vc_row][vc_column][vc_column_text] \u00bfQUI\u00c9NES SOMOS? RAS 21, S.L [\/vc_column_text][vc_separator color=&#8221;custom&#8221; border_width=&#8221;2&#8243; el_width=&#8221;10&#8243; style=&#8221;solid&#8221; accent_color=&#8221;#026240&#8243;][vc_row_inner][vc_column_inner width=&#8221;1\/2&#8243;][vc_column_text]Es una empresa familiar fundada a finales de los a\u00f1os 80, con m\u00e1s de 30 a\u00f1os [&hellip;]<\/p>\n","protected":false},"author":1,"featured_media":0,"parent":0,"menu_order":0,"comment_status":"closed","ping_status":"closed","template":"","meta":[],"_links":{"self":[{"href":"https:\/\/ras21.com\/es\/wp-json\/wp\/v2\/pages\/86\/"}],"collection":[{"href":"https:\/\/ras21.com\/es\/wp-json\/wp\/v2\/pages\/"}],"about":[{"href":"https:\/\/ras21.com\/es\/wp-json\/wp\/v2\/types\/page\/"}],"author":[{"embeddable":true,"href":"https:\/\/ras21.com\/es\/wp-json\/wp\/v2\/users\/1\/"}],"replies":[{"embeddable":true,"href":"https:\/\/ras21.com\/es\/wp-json\/wp\/v2\/comments\/?post=86"}],"version-history":[{"count":48,"href":"https:\/\/ras21.com\/es\/wp-json\/wp\/v2\/pages\/86\/revisions\/"}],"predecessor-version":[{"id":1011,"href":"https:\/\/ras21.com\/es\/wp-json\/wp\/v2\/pages\/86\/revisions\/1011\/"}],"wp:attachment":[{"href":"https:\/\/ras21.com\/es\/wp-json\/wp\/v2\/media\/?parent=86"}],"curies":[{"name":"wp","href":"https:\/\/api.w.org\/{rel}","templated":true}]}}